{"id":6207,"date":"2017-10-27T16:01:22","date_gmt":"2017-10-27T14:01:22","guid":{"rendered":"http:\/\/www.alessio-nocita.com\/?page_id=6207"},"modified":"2023-04-30T20:14:55","modified_gmt":"2023-04-30T18:14:55","slug":"bio","status":"publish","type":"page","link":"https:\/\/www.alessio-nocita.com\/?page_id=6207","title":{"rendered":"bio"},"content":{"rendered":"\t\t<div data-elementor-type=\"wp-post\" data-elementor-id=\"6207\" class=\"elementor elementor-6207\" data-elementor-settings=\"[]\">\n\t\t\t\t\t\t<div class=\"elementor-inner\">\n\t\t\t\t\t\t\t<div class=\"elementor-section-wrap\">\n\t\t\t\t\t\t\t<section class=\"elementor-section elementor-top-section elementor-element elementor-element-23f45a6 elementor-section-boxed elementor-section-height-default elementor-section-height-default\" data-id=\"23f45a6\" data-element_type=\"section\">\n\t\t\t\t\t\t<div class=\"elementor-container elementor-column-gap-default\">\n\t\t\t\t\t\t\t<div class=\"elementor-row\">\n\t\t\t\t\t<div class=\"elementor-column elementor-col-100 elementor-top-column elementor-element elementor-element-333b9fe\" data-id=\"333b9fe\" data-element_type=\"column\">\n\t\t\t<div class=\"elementor-column-wrap elementor-element-populated\">\n\t\t\t\t\t\t\t<div class=\"elementor-widget-wrap\">\n\t\t\t\t\t\t<div class=\"elementor-element elementor-element-5dc5a0a elementor-invisible elementor-widget elementor-widget-heading\" data-id=\"5dc5a0a\" data-element_type=\"widget\" data-settings=\"{&quot;_animation&quot;:&quot;fadeInUp&quot;}\" data-widget_type=\"heading.default\">\n\t\t\t\t<div class=\"elementor-widget-container\">\n\t\t\t<h3 class=\"elementor-heading-title elementor-size-default\">Alessio Nocita<\/h3>\t\t<\/div>\n\t\t\t\t<\/div>\n\t\t\t\t<div class=\"elementor-element elementor-element-6e68456 elementor-invisible elementor-widget elementor-widget-heading\" data-id=\"6e68456\" data-element_type=\"widget\" data-settings=\"{&quot;_animation&quot;:&quot;fadeInUp&quot;,&quot;_animation_delay&quot;:300}\" data-widget_type=\"heading.default\">\n\t\t\t\t<div class=\"elementor-widget-container\">\n\t\t\t<h1 class=\"elementor-heading-title elementor-size-default\">Ein Leben<\/h1>\t\t<\/div>\n\t\t\t\t<\/div>\n\t\t\t\t<div class=\"elementor-element elementor-element-8f62c50 elementor-invisible elementor-widget elementor-widget-heading\" data-id=\"8f62c50\" data-element_type=\"widget\" data-settings=\"{&quot;_animation&quot;:&quot;fadeInUp&quot;,&quot;_animation_delay&quot;:600}\" data-widget_type=\"heading.default\">\n\t\t\t\t<div class=\"elementor-widget-container\">\n\t\t\t<h2 class=\"elementor-heading-title elementor-size-default\">der Neugier, dem Wissen und der Kunst gewidmet.<\/h2>\t\t<\/div>\n\t\t\t\t<\/div>\n\t\t\t\t<div class=\"elementor-element elementor-element-0332ddc elementor-widget-divider--view-line elementor-invisible elementor-widget elementor-widget-divider\" data-id=\"0332ddc\" data-element_type=\"widget\" data-settings=\"{&quot;_animation&quot;:&quot;fadeInUp&quot;,&quot;_animation_delay&quot;:900}\" data-widget_type=\"divider.default\">\n\t\t\t\t<div class=\"elementor-widget-container\">\n\t\t\t\t\t<div class=\"elementor-divider\">\n\t\t\t<span class=\"elementor-divider-separator\">\n\t\t\t\t\t\t<\/span>\n\t\t<\/div>\n\t\t\t\t<\/div>\n\t\t\t\t<\/div>\n\t\t\t\t\t\t<\/div>\n\t\t\t\t\t<\/div>\n\t\t<\/div>\n\t\t\t\t\t\t\t\t<\/div>\n\t\t\t\t\t<\/div>\n\t\t<\/section>\n\t\t\t\t<section class=\"elementor-section elementor-top-section elementor-element elementor-element-2e8e169 elementor-section-stretched elementor-section-full_width elementor-section-height-default elementor-section-height-default\" data-id=\"2e8e169\" data-element_type=\"section\" data-settings=\"{&quot;stretch_section&quot;:&quot;section-stretched&quot;}\">\n\t\t\t\t\t\t<div class=\"elementor-container elementor-column-gap-default\">\n\t\t\t\t\t\t\t<div class=\"elementor-row\">\n\t\t\t\t\t<div class=\"elementor-column elementor-col-100 elementor-top-column elementor-element elementor-element-ffd205d\" data-id=\"ffd205d\" data-element_type=\"column\">\n\t\t\t<div class=\"elementor-column-wrap elementor-element-populated\">\n\t\t\t\t\t\t\t<div class=\"elementor-widget-wrap\">\n\t\t\t\t\t\t<div class=\"elementor-element elementor-element-10d2763 elementor-invisible elementor-widget elementor-widget-image\" data-id=\"10d2763\" data-element_type=\"widget\" data-settings=\"{&quot;_animation&quot;:&quot;fadeIn&quot;,&quot;_animation_delay&quot;:1200}\" data-widget_type=\"image.default\">\n\t\t\t\t<div class=\"elementor-widget-container\">\n\t\t\t\t\t<div class=\"elementor-image\">\n\t\t\t\t\t\t\t\t\t\t<img width=\"1000\" height=\"667\" src=\"https:\/\/www.alessio-nocita.com\/wp-content\/uploads\/2020\/03\/alessio_klavier.jpg\" class=\"elementor-animation-grow attachment-large size-large\" alt=\"\" loading=\"lazy\" srcset=\"https:\/\/www.alessio-nocita.com\/wp-content\/uploads\/2020\/03\/alessio_klavier.jpg 1000w, https:\/\/www.alessio-nocita.com\/wp-content\/uploads\/2020\/03\/alessio_klavier-559x373.jpg 559w, https:\/\/www.alessio-nocita.com\/wp-content\/uploads\/2020\/03\/alessio_klavier-768x512.jpg 768w\" sizes=\"(max-width: 1000px) 100vw, 1000px\" \/>\t\t\t\t\t\t\t\t\t\t\t<\/div>\n\t\t\t\t<\/div>\n\t\t\t\t<\/div>\n\t\t\t\t\t\t<\/div>\n\t\t\t\t\t<\/div>\n\t\t<\/div>\n\t\t\t\t\t\t\t\t<\/div>\n\t\t\t\t\t<\/div>\n\t\t<\/section>\n\t\t\t\t<section class=\"elementor-section elementor-top-section elementor-element elementor-element-63196a1 elementor-section-boxed elementor-section-height-default elementor-section-height-default\" data-id=\"63196a1\" data-element_type=\"section\">\n\t\t\t\t\t\t<div class=\"elementor-container elementor-column-gap-default\">\n\t\t\t\t\t\t\t<div class=\"elementor-row\">\n\t\t\t\t\t<div class=\"elementor-column elementor-col-100 elementor-top-column elementor-element elementor-element-b78089d\" data-id=\"b78089d\" data-element_type=\"column\">\n\t\t\t<div class=\"elementor-column-wrap elementor-element-populated\">\n\t\t\t\t\t\t\t<div class=\"elementor-widget-wrap\">\n\t\t\t\t\t\t<div class=\"elementor-element elementor-element-8cc9a0b elementor-invisible elementor-widget elementor-widget-heading\" data-id=\"8cc9a0b\" data-element_type=\"widget\" data-settings=\"{&quot;_animation&quot;:&quot;fadeInUp&quot;}\" data-widget_type=\"heading.default\">\n\t\t\t\t<div class=\"elementor-widget-container\">\n\t\t\t<h3 class=\"elementor-heading-title elementor-size-default\">Biografie<\/h3>\t\t<\/div>\n\t\t\t\t<\/div>\n\t\t\t\t<div class=\"elementor-element elementor-element-903c149 elementor-invisible elementor-widget elementor-widget-heading\" data-id=\"903c149\" data-element_type=\"widget\" data-settings=\"{&quot;_animation&quot;:&quot;fadeInUp&quot;}\" data-widget_type=\"heading.default\">\n\t\t\t\t<div class=\"elementor-widget-container\">\n\t\t\t<h3 class=\"elementor-heading-title elementor-size-default\">Alles F\u00e4ngt mit Neugier an<\/h3>\t\t<\/div>\n\t\t\t\t<\/div>\n\t\t\t\t<section class=\"elementor-section elementor-inner-section elementor-element elementor-element-9cfd66f elementor-section-boxed elementor-section-height-default elementor-section-height-default\" data-id=\"9cfd66f\" data-element_type=\"section\">\n\t\t\t\t\t\t<div class=\"elementor-container elementor-column-gap-wide\">\n\t\t\t\t\t\t\t<div class=\"elementor-row\">\n\t\t\t\t\t<div class=\"elementor-column elementor-col-50 elementor-inner-column elementor-element elementor-element-911cbfa\" data-id=\"911cbfa\" data-element_type=\"column\">\n\t\t\t<div class=\"elementor-column-wrap elementor-element-populated\">\n\t\t\t\t\t\t\t<div class=\"elementor-widget-wrap\">\n\t\t\t\t\t\t<div class=\"elementor-element elementor-element-020a2d4 elementor-drop-cap-yes elementor-drop-cap-view-framed elementor-invisible elementor-widget elementor-widget-text-editor\" data-id=\"020a2d4\" data-element_type=\"widget\" data-settings=\"{&quot;drop_cap&quot;:&quot;yes&quot;,&quot;_animation&quot;:&quot;fadeInUp&quot;}\" data-widget_type=\"text-editor.default\">\n\t\t\t\t<div class=\"elementor-widget-container\">\n\t\t\t\t\t<div class=\"elementor-text-editor elementor-clearfix\"><p>Die Neugier ist der Motor, der Alessio Nocita in seinem gesamten Schaffen antreibt. Schon im fr\u00fchesten Kindesalter wurde er neugierig auf Literatur, Bilder, Wissen und die Emotionen, die Menschen umtreiben.<\/p><p>Schnell wurde er neugierig auf das alte Klavier, das schon immer unbenutzt im Haus stand. Vor seinem ersten Unterricht lernte er autodidaktisch Noten und die ersten St\u00fccke. Nach der Neugier f\u00fcr das Instrument kam schnell diejenige auf Grundbausteine der Musik, Harmonielehre, Kontrapunkt und Akustik. In seinen Jugendjahren analysierte er begeistert die Werke Bachs, interessierte sich f\u00fcr elektronische Klangerzeugung (aber auch f\u00fcr Schach, Programmiersprachen, Philosophie und Theologie), komponierte Songs und Et\u00fcden und spielte flie\u00dfend Generalbass.<\/p><p>Er studierte Klavier am Conservatorio \u201eGiuseppe Verdi\u201c in Turin und schon lange vor seinem Abschluss begeisterte er sich f\u00fcr das Cembalo. Er studierte dann Cembalo und historische Tasteninstrumente an der Folkwang Hochschule Essen und entdeckte au\u00dferdem die Welt der digitalen Produktion. W\u00e4hrend und nach seiner Ausbildung in elektronischer Musik an der Bundesakademie Trossingen lernte er nach und nach DJing, Soundsynthese, Webprogrammierung und das Spielen des Psalters.<\/p><p>1996 gewann er den 1. Preis im Klavierwettbewerb \u201eCitt\u00e0 di Crotone\u201c, 2001 den 1. Preis im Talentwettbewerb \u201eKohler-Osbahr-Stiftung\u201c als Cembalist.<\/p><\/div>\n\t\t\t\t<\/div>\n\t\t\t\t<\/div>\n\t\t\t\t\t\t<\/div>\n\t\t\t\t\t<\/div>\n\t\t<\/div>\n\t\t\t\t<div class=\"elementor-column elementor-col-50 elementor-inner-column elementor-element elementor-element-4a69075\" data-id=\"4a69075\" data-element_type=\"column\">\n\t\t\t<div class=\"elementor-column-wrap elementor-element-populated\">\n\t\t\t\t\t\t\t<div class=\"elementor-widget-wrap\">\n\t\t\t\t\t\t<div class=\"elementor-element elementor-element-032f6bb elementor-invisible elementor-widget elementor-widget-text-editor\" data-id=\"032f6bb\" data-element_type=\"widget\" data-settings=\"{&quot;_animation&quot;:&quot;fadeInUp&quot;,&quot;_animation_delay&quot;:300}\" data-widget_type=\"text-editor.default\">\n\t\t\t\t<div class=\"elementor-widget-container\">\n\t\t\t\t\t<div class=\"elementor-text-editor elementor-clearfix\"><p>Alessio Nocita ist auch Fotograf (Abschluss 2021 am ILS Hamburg) und Webdesigner (Abschluss 2022 am OFG Lippstadt). Er arbeitet als Mediendesigner, Medieninformatiker und Fotograf im Bereich Fine Art, K\u00fcnstlerfotografie und Akt.<\/p><p>Alessio Nocita ist seit mehr als zwanzig Jahren B\u00fchnenmusiker, Komponist und Dozent. Er gab Konzerte auf den B\u00fchnen mehrerer europ\u00e4ischer L\u00e4nder, als Solist, DJ und mit Formationen, Ensembles und Bands wie \u201eNova Stravaganza\u201c, \u201eCapella Confluentes\u201c, \u201eOrchestra dell\u2019 Aurora\u201c, \u201eSinfonietta K\u00f6ln\u201c, \u201eHarmonico Respiro\u201c, \u201eLes Barbares Baroques\u201c, \u201eEmerald Edge\u201c. Alessio Nocita ver\u00f6ffentlichte mehrere Aufnahmen und komponierte ein Opus aus zahlreichen Werken f\u00fcr Klavier, Cembalo, Kammermusikensemble, Orchester, elektronische Instrumente. 2020 ver\u00f6ffentlichte er sein erstes programmatisches Elektro-Album \u201eAlone in Chaos\u201c \u00fcber die Einsamkeit des modernen Menschen. Er unterrichtet Klavier, Cembalo, Musikproduktion und DJing an der Musik- und Kunstschule der Stadt Duisburg und an der Robert-Schumann Hochschule D\u00fcsseldorf.<\/p><\/div>\n\t\t\t\t<\/div>\n\t\t\t\t<\/div>\n\t\t\t\t\t\t<\/div>\n\t\t\t\t\t<\/div>\n\t\t<\/div>\n\t\t\t\t\t\t\t\t<\/div>\n\t\t\t\t\t<\/div>\n\t\t<\/section>\n\t\t\t\t\t\t<\/div>\n\t\t\t\t\t<\/div>\n\t\t<\/div>\n\t\t\t\t\t\t\t\t<\/div>\n\t\t\t\t\t<\/div>\n\t\t<\/section>\n\t\t\t\t<section class=\"elementor-section elementor-top-section elementor-element elementor-element-ab6bfe7 elementor-section-stretched elementor-section-full_width elementor-section-height-default elementor-section-height-default\" data-id=\"ab6bfe7\" data-element_type=\"section\" data-settings=\"{&quot;stretch_section&quot;:&quot;section-stretched&quot;}\">\n\t\t\t\t\t\t<div class=\"elementor-container elementor-column-gap-default\">\n\t\t\t\t\t\t\t<div class=\"elementor-row\">\n\t\t\t\t\t<div class=\"elementor-column elementor-col-100 elementor-top-column elementor-element elementor-element-949780c\" data-id=\"949780c\" data-element_type=\"column\">\n\t\t\t<div class=\"elementor-column-wrap elementor-element-populated\">\n\t\t\t\t\t\t\t<div class=\"elementor-widget-wrap\">\n\t\t\t\t\t\t<div class=\"elementor-element elementor-element-e4106bc elementor-invisible elementor-widget elementor-widget-image\" data-id=\"e4106bc\" data-element_type=\"widget\" data-settings=\"{&quot;_animation&quot;:&quot;fadeIn&quot;}\" data-widget_type=\"image.default\">\n\t\t\t\t<div class=\"elementor-widget-container\">\n\t\t\t\t\t<div class=\"elementor-image\">\n\t\t\t\t\t\t\t\t\t\t<img width=\"1200\" height=\"596\" src=\"https:\/\/www.alessio-nocita.com\/wp-content\/uploads\/2020\/03\/alessio_nocita_playing_little.png\" class=\"elementor-animation-grow attachment-full size-full\" alt=\"\" loading=\"lazy\" srcset=\"https:\/\/www.alessio-nocita.com\/wp-content\/uploads\/2020\/03\/alessio_nocita_playing_little.png 1200w, https:\/\/www.alessio-nocita.com\/wp-content\/uploads\/2020\/03\/alessio_nocita_playing_little-559x278.png 559w, https:\/\/www.alessio-nocita.com\/wp-content\/uploads\/2020\/03\/alessio_nocita_playing_little-1024x509.png 1024w, https:\/\/www.alessio-nocita.com\/wp-content\/uploads\/2020\/03\/alessio_nocita_playing_little-768x381.png 768w\" sizes=\"(max-width: 1200px) 100vw, 1200px\" \/>\t\t\t\t\t\t\t\t\t\t\t<\/div>\n\t\t\t\t<\/div>\n\t\t\t\t<\/div>\n\t\t\t\t\t\t<\/div>\n\t\t\t\t\t<\/div>\n\t\t<\/div>\n\t\t\t\t\t\t\t\t<\/div>\n\t\t\t\t\t<\/div>\n\t\t<\/section>\n\t\t\t\t<section class=\"elementor-section elementor-top-section elementor-element elementor-element-ba7a213 elementor-section-boxed elementor-section-height-default elementor-section-height-default\" data-id=\"ba7a213\" data-element_type=\"section\">\n\t\t\t\t\t\t<div class=\"elementor-container elementor-column-gap-default\">\n\t\t\t\t\t\t\t<div class=\"elementor-row\">\n\t\t\t\t\t<div class=\"elementor-column elementor-col-100 elementor-top-column elementor-element elementor-element-2d47762\" data-id=\"2d47762\" data-element_type=\"column\">\n\t\t\t<div class=\"elementor-column-wrap elementor-element-populated\">\n\t\t\t\t\t\t\t<div class=\"elementor-widget-wrap\">\n\t\t\t\t\t\t<div class=\"elementor-element elementor-element-d967ca3 elementor-widget-divider--view-line elementor-invisible elementor-widget elementor-widget-divider\" data-id=\"d967ca3\" data-element_type=\"widget\" data-settings=\"{&quot;_animation&quot;:&quot;fadeInUp&quot;}\" data-widget_type=\"divider.default\">\n\t\t\t\t<div class=\"elementor-widget-container\">\n\t\t\t\t\t<div class=\"elementor-divider\">\n\t\t\t<span class=\"elementor-divider-separator\">\n\t\t\t\t\t\t<\/span>\n\t\t<\/div>\n\t\t\t\t<\/div>\n\t\t\t\t<\/div>\n\t\t\t\t<div class=\"elementor-element elementor-element-f17ac80 elementor-invisible elementor-widget elementor-widget-heading\" data-id=\"f17ac80\" data-element_type=\"widget\" data-settings=\"{&quot;_animation&quot;:&quot;fadeInUp&quot;}\" data-widget_type=\"heading.default\">\n\t\t\t\t<div class=\"elementor-widget-container\">\n\t\t\t<h1 class=\"elementor-heading-title elementor-size-default\">Der Blick f\u00fcr das Ganze<\/h1>\t\t<\/div>\n\t\t\t\t<\/div>\n\t\t\t\t<div class=\"elementor-element elementor-element-ee07763 elementor-invisible elementor-widget elementor-widget-heading\" data-id=\"ee07763\" data-element_type=\"widget\" data-settings=\"{&quot;_animation&quot;:&quot;fadeInUp&quot;}\" data-widget_type=\"heading.default\">\n\t\t\t\t<div class=\"elementor-widget-container\">\n\t\t\t<h2 class=\"elementor-heading-title elementor-size-default\">Spezialist sein ist nicht genug<\/h2>\t\t<\/div>\n\t\t\t\t<\/div>\n\t\t\t\t<section class=\"elementor-section elementor-inner-section elementor-element elementor-element-d40e16a elementor-section-boxed elementor-section-height-default elementor-section-height-default\" data-id=\"d40e16a\" data-element_type=\"section\">\n\t\t\t\t\t\t<div class=\"elementor-container elementor-column-gap-default\">\n\t\t\t\t\t\t\t<div class=\"elementor-row\">\n\t\t\t\t\t<div class=\"elementor-column elementor-col-100 elementor-inner-column elementor-element elementor-element-e74ea94\" data-id=\"e74ea94\" data-element_type=\"column\">\n\t\t\t<div class=\"elementor-column-wrap elementor-element-populated\">\n\t\t\t\t\t\t\t<div class=\"elementor-widget-wrap\">\n\t\t\t\t\t\t<div class=\"elementor-element elementor-element-1e13cb9 elementor-invisible elementor-widget elementor-widget-text-editor\" data-id=\"1e13cb9\" data-element_type=\"widget\" data-settings=\"{&quot;_animation&quot;:&quot;fadeInUp&quot;}\" data-widget_type=\"text-editor.default\">\n\t\t\t\t<div class=\"elementor-widget-container\">\n\t\t\t\t\t<div class=\"elementor-text-editor elementor-clearfix\"><p>\u201eWas mich interessiert und motiviert, ist der Blick f\u00fcrs Ganze. F\u00fcr mich macht es keinen Sinn zu sagen, ich interessiere mich f\u00fcr Klang, aber nicht f\u00fcr Bild, ich interessiere mich f\u00fcr Klassik, aber nicht f\u00fcr Pop oder elektronische Musik, ich interessiere mich f\u00fcr das Cembalo, aber nicht f\u00fcr das Klavier oder die Orgel, ich interessiere mich f\u00fcr das Performen, aber nicht f\u00fcr das Komponieren oder andersherum. Das sind alle Aspekte der Kreativit\u00e4t, der \u00c4sthetik, des Schaffens, die man voneinander nicht trennen kann. Musik, Physik, Mathematik, Ton und Licht, Seele und Technik, Energie und Materie \u2013 das sind alles nicht voneinander isolierbare Manifestationen des wunderbaren, einzigartigen Gebildes, das unser Universum ist.\u201c<\/p><\/div>\n\t\t\t\t<\/div>\n\t\t\t\t<\/div>\n\t\t\t\t<div class=\"elementor-element elementor-element-c24e40e elementor-align-center elementor-invisible elementor-widget elementor-widget-button\" data-id=\"c24e40e\" data-element_type=\"widget\" data-settings=\"{&quot;_animation&quot;:&quot;fadeInUp&quot;}\" data-widget_type=\"button.default\">\n\t\t\t\t<div class=\"elementor-widget-container\">\n\t\t\t\t\t<div class=\"elementor-button-wrapper\">\n\t\t\t<a href=\"http:\/\/www.alessio-nocita.com\/?page_id=6353\" class=\"elementor-button-link elementor-button elementor-size-xs elementor-animation-bob\" role=\"button\">\n\t\t\t\t\t\t<span class=\"elementor-button-content-wrapper\">\n\t\t\t\t\t\t<span class=\"elementor-button-icon elementor-align-icon-right\">\n\t\t\t\t<i aria-hidden=\"true\" class=\"fas fa-long-arrow-alt-right\"><\/i>\t\t\t<\/span>\n\t\t\t\t\t\t<span class=\"elementor-button-text\">Kontakt<\/span>\n\t\t<\/span>\n\t\t\t\t\t<\/a>\n\t\t<\/div>\n\t\t\t\t<\/div>\n\t\t\t\t<\/div>\n\t\t\t\t\t\t<\/div>\n\t\t\t\t\t<\/div>\n\t\t<\/div>\n\t\t\t\t\t\t\t\t<\/div>\n\t\t\t\t\t<\/div>\n\t\t<\/section>\n\t\t\t\t\t\t<\/div>\n\t\t\t\t\t<\/div>\n\t\t<\/div>\n\t\t\t\t\t\t\t\t<\/div>\n\t\t\t\t\t<\/div>\n\t\t<\/section>\n\t\t\t\t\t\t<\/div>\n\t\t\t\t\t\t<\/div>\n\t\t\t\t\t<\/div>\n\t\t","protected":false},"excerpt":{"rendered":"<p>Alessio Nocita Ein Leben der Neugier, dem Wissen und der Kunst gewidmet. Biografie Alles F\u00e4ngt mit Neugier an Die Neugier [&hellip;]<\/p>\n","protected":false},"author":2,"featured_media":0,"parent":0,"menu_order":0,"comment_status":"closed","ping_status":"closed","template":"","meta":[],"_links":{"self":[{"href":"https:\/\/www.alessio-nocita.com\/index.php?rest_route=\/wp\/v2\/pages\/6207"}],"collection":[{"href":"https:\/\/www.alessio-nocita.com\/index.php?rest_route=\/wp\/v2\/pages"}],"about":[{"href":"https:\/\/www.alessio-nocita.com\/index.php?rest_route=\/wp\/v2\/types\/page"}],"author":[{"embeddable":true,"href":"https:\/\/www.alessio-nocita.com\/index.php?rest_route=\/wp\/v2\/users\/2"}],"replies":[{"embeddable":true,"href":"https:\/\/www.alessio-nocita.com\/index.php?rest_route=%2Fwp%2Fv2%2Fcomments&post=6207"}],"version-history":[{"count":36,"href":"https:\/\/www.alessio-nocita.com\/index.php?rest_route=\/wp\/v2\/pages\/6207\/revisions"}],"predecessor-version":[{"id":7156,"href":"https:\/\/www.alessio-nocita.com\/index.php?rest_route=\/wp\/v2\/pages\/6207\/revisions\/7156"}],"wp:attachment":[{"href":"https:\/\/www.alessio-nocita.com\/index.php?rest_route=%2Fwp%2Fv2%2Fmedia&parent=6207"}],"curies":[{"name":"wp","href":"https:\/\/api.w.org\/{rel}","templated":true}]}}