{"id":1767,"date":"2017-10-27T16:01:22","date_gmt":"2017-10-27T16:01:22","guid":{"rendered":"http:\/\/www.alessio-nocita.com\/?page_id=1767"},"modified":"2020-03-24T09:54:50","modified_gmt":"2020-03-24T08:54:50","slug":"about-example-1","status":"publish","type":"page","link":"https:\/\/www.alessio-nocita.com\/?page_id=1767","title":{"rendered":"About &#8211; Example 1"},"content":{"rendered":"\t\t<div data-elementor-type=\"wp-post\" data-elementor-id=\"1767\" class=\"elementor elementor-1767\" data-elementor-settings=\"[]\">\n\t\t\t\t\t\t<div class=\"elementor-inner\">\n\t\t\t\t\t\t\t<div class=\"elementor-section-wrap\">\n\t\t\t\t\t\t\t<section class=\"elementor-section elementor-top-section elementor-element elementor-element-23f45a6 elementor-section-boxed elementor-section-height-default elementor-section-height-default\" data-id=\"23f45a6\" data-element_type=\"section\">\n\t\t\t\t\t\t<div class=\"elementor-container elementor-column-gap-default\">\n\t\t\t\t\t\t\t<div class=\"elementor-row\">\n\t\t\t\t\t<div class=\"elementor-column elementor-col-100 elementor-top-column elementor-element elementor-element-333b9fe\" data-id=\"333b9fe\" data-element_type=\"column\">\n\t\t\t<div class=\"elementor-column-wrap elementor-element-populated\">\n\t\t\t\t\t\t\t<div class=\"elementor-widget-wrap\">\n\t\t\t\t\t\t<div class=\"elementor-element elementor-element-5dc5a0a elementor-invisible elementor-widget elementor-widget-heading\" data-id=\"5dc5a0a\" data-element_type=\"widget\" data-settings=\"{&quot;_animation&quot;:&quot;fadeInUp&quot;}\" data-widget_type=\"heading.default\">\n\t\t\t\t<div class=\"elementor-widget-container\">\n\t\t\t<h3 class=\"elementor-heading-title elementor-size-default\">BIO<\/h3>\t\t<\/div>\n\t\t\t\t<\/div>\n\t\t\t\t<div class=\"elementor-element elementor-element-6e68456 elementor-invisible elementor-widget elementor-widget-heading\" data-id=\"6e68456\" data-element_type=\"widget\" data-settings=\"{&quot;_animation&quot;:&quot;fadeInUp&quot;,&quot;_animation_delay&quot;:300}\" data-widget_type=\"heading.default\">\n\t\t\t\t<div class=\"elementor-widget-container\">\n\t\t\t<h1 class=\"elementor-heading-title elementor-size-default\">Ein Leben<\/h1>\t\t<\/div>\n\t\t\t\t<\/div>\n\t\t\t\t<div class=\"elementor-element elementor-element-8f62c50 elementor-invisible elementor-widget elementor-widget-heading\" data-id=\"8f62c50\" data-element_type=\"widget\" data-settings=\"{&quot;_animation&quot;:&quot;fadeInUp&quot;,&quot;_animation_delay&quot;:600}\" data-widget_type=\"heading.default\">\n\t\t\t\t<div class=\"elementor-widget-container\">\n\t\t\t<h2 class=\"elementor-heading-title elementor-size-default\">der Neugier, dem Wissen und der Kunst gewidmet.<\/h2>\t\t<\/div>\n\t\t\t\t<\/div>\n\t\t\t\t<div class=\"elementor-element elementor-element-0332ddc elementor-widget-divider--view-line elementor-invisible elementor-widget elementor-widget-divider\" data-id=\"0332ddc\" data-element_type=\"widget\" data-settings=\"{&quot;_animation&quot;:&quot;fadeInUp&quot;,&quot;_animation_delay&quot;:900}\" data-widget_type=\"divider.default\">\n\t\t\t\t<div class=\"elementor-widget-container\">\n\t\t\t\t\t<div class=\"elementor-divider\">\n\t\t\t<span class=\"elementor-divider-separator\">\n\t\t\t\t\t\t<\/span>\n\t\t<\/div>\n\t\t\t\t<\/div>\n\t\t\t\t<\/div>\n\t\t\t\t\t\t<\/div>\n\t\t\t\t\t<\/div>\n\t\t<\/div>\n\t\t\t\t\t\t\t\t<\/div>\n\t\t\t\t\t<\/div>\n\t\t<\/section>\n\t\t\t\t<section class=\"elementor-section elementor-top-section elementor-element elementor-element-2e8e169 elementor-section-stretched elementor-section-full_width elementor-section-height-default elementor-section-height-default\" data-id=\"2e8e169\" data-element_type=\"section\" data-settings=\"{&quot;stretch_section&quot;:&quot;section-stretched&quot;}\">\n\t\t\t\t\t\t<div class=\"elementor-container elementor-column-gap-default\">\n\t\t\t\t\t\t\t<div class=\"elementor-row\">\n\t\t\t\t\t<div class=\"elementor-column elementor-col-100 elementor-top-column elementor-element elementor-element-ffd205d\" data-id=\"ffd205d\" data-element_type=\"column\">\n\t\t\t<div class=\"elementor-column-wrap elementor-element-populated\">\n\t\t\t\t\t\t\t<div class=\"elementor-widget-wrap\">\n\t\t\t\t\t\t<div class=\"elementor-element elementor-element-10d2763 elementor-invisible elementor-widget elementor-widget-image\" data-id=\"10d2763\" data-element_type=\"widget\" data-settings=\"{&quot;_animation&quot;:&quot;fadeIn&quot;,&quot;_animation_delay&quot;:1200}\" data-widget_type=\"image.default\">\n\t\t\t\t<div class=\"elementor-widget-container\">\n\t\t\t\t\t<div class=\"elementor-image\">\n\t\t\t\t\t\t\t\t\t\t<img width=\"1000\" height=\"667\" src=\"https:\/\/www.alessio-nocita.com\/wp-content\/uploads\/2020\/03\/alessio_klavier.jpg\" class=\"elementor-animation-grow attachment-large size-large\" alt=\"\" loading=\"lazy\" srcset=\"https:\/\/www.alessio-nocita.com\/wp-content\/uploads\/2020\/03\/alessio_klavier.jpg 1000w, https:\/\/www.alessio-nocita.com\/wp-content\/uploads\/2020\/03\/alessio_klavier-559x373.jpg 559w, https:\/\/www.alessio-nocita.com\/wp-content\/uploads\/2020\/03\/alessio_klavier-768x512.jpg 768w\" sizes=\"(max-width: 1000px) 100vw, 1000px\" \/>\t\t\t\t\t\t\t\t\t\t\t<\/div>\n\t\t\t\t<\/div>\n\t\t\t\t<\/div>\n\t\t\t\t\t\t<\/div>\n\t\t\t\t\t<\/div>\n\t\t<\/div>\n\t\t\t\t\t\t\t\t<\/div>\n\t\t\t\t\t<\/div>\n\t\t<\/section>\n\t\t\t\t<section class=\"elementor-section elementor-top-section elementor-element elementor-element-63196a1 elementor-section-boxed elementor-section-height-default elementor-section-height-default\" data-id=\"63196a1\" data-element_type=\"section\">\n\t\t\t\t\t\t<div class=\"elementor-container elementor-column-gap-default\">\n\t\t\t\t\t\t\t<div class=\"elementor-row\">\n\t\t\t\t\t<div class=\"elementor-column elementor-col-100 elementor-top-column elementor-element elementor-element-b78089d\" data-id=\"b78089d\" data-element_type=\"column\">\n\t\t\t<div class=\"elementor-column-wrap elementor-element-populated\">\n\t\t\t\t\t\t\t<div class=\"elementor-widget-wrap\">\n\t\t\t\t\t\t<div class=\"elementor-element elementor-element-8cc9a0b elementor-invisible elementor-widget elementor-widget-heading\" data-id=\"8cc9a0b\" data-element_type=\"widget\" data-settings=\"{&quot;_animation&quot;:&quot;fadeInUp&quot;}\" data-widget_type=\"heading.default\">\n\t\t\t\t<div class=\"elementor-widget-container\">\n\t\t\t<h3 class=\"elementor-heading-title elementor-size-default\">Meine Story<\/h3>\t\t<\/div>\n\t\t\t\t<\/div>\n\t\t\t\t<div class=\"elementor-element elementor-element-903c149 elementor-invisible elementor-widget elementor-widget-heading\" data-id=\"903c149\" data-element_type=\"widget\" data-settings=\"{&quot;_animation&quot;:&quot;fadeInUp&quot;}\" data-widget_type=\"heading.default\">\n\t\t\t\t<div class=\"elementor-widget-container\">\n\t\t\t<h3 class=\"elementor-heading-title elementor-size-default\">Es fing alles mit Neugier an.<\/h3>\t\t<\/div>\n\t\t\t\t<\/div>\n\t\t\t\t<section class=\"elementor-section elementor-inner-section elementor-element elementor-element-9cfd66f elementor-section-boxed elementor-section-height-default elementor-section-height-default\" data-id=\"9cfd66f\" data-element_type=\"section\">\n\t\t\t\t\t\t<div class=\"elementor-container elementor-column-gap-wide\">\n\t\t\t\t\t\t\t<div class=\"elementor-row\">\n\t\t\t\t\t<div class=\"elementor-column elementor-col-50 elementor-inner-column elementor-element elementor-element-911cbfa\" data-id=\"911cbfa\" data-element_type=\"column\">\n\t\t\t<div class=\"elementor-column-wrap elementor-element-populated\">\n\t\t\t\t\t\t\t<div class=\"elementor-widget-wrap\">\n\t\t\t\t\t\t<div class=\"elementor-element elementor-element-020a2d4 elementor-drop-cap-yes elementor-drop-cap-view-framed elementor-invisible elementor-widget elementor-widget-text-editor\" data-id=\"020a2d4\" data-element_type=\"widget\" data-settings=\"{&quot;drop_cap&quot;:&quot;yes&quot;,&quot;_animation&quot;:&quot;fadeInUp&quot;}\" data-widget_type=\"text-editor.default\">\n\t\t\t\t<div class=\"elementor-widget-container\">\n\t\t\t\t\t<div class=\"elementor-text-editor elementor-clearfix\"><p>Die Neugier ist der Motor, der Alessio Nocita in seinem gesamten Schaffen treibt. Schon im fr\u00fchsten Kindesalter wurde er neugierig auf Literautur, auf Bilder, auf Wissen und auf die Emotionen, die Menschen umtreiben.<\/p><p>Er wurde sehr schnell neugierig auf das alte Klavier, das seit immer im Haus unbenutzt lag. Vor seinem ersten Unterricht lernte er schon, unaufgefordert, autodidaktisch Musik. Er wurde von sich aus erst auf das Instrument neugierig, dann auf Harmonielehre, Kontrapunkt, Generalbass, Schon lange vor seinem Studium komponierte er, analysierte er begeistert die Werke Bachs, interessierte er sich f\u00fcr elektronische Klangerzeugung, er spielte flie\u00dfend Generalbass.<\/p><p>Er studierte Klavier im Conservatorio <em>&#8222;Giuseppe Verdi&#8220; Torino<\/em> und schon lange vorm Abschluss begeisterte er sich f\u00fcr das Cembalo. Er studierte dann Cembalo und historische Tasteninstrumente in der <em>Folkwang Hochschule Essen<\/em> entdeckte dann bald die Welt der elektronischen Tasteninstrumente und der Produktion.<\/p><p>W\u00e4hrend und nach seiner Ausbildung in elektronischer Musik in der <em>Bundesakademie Trossingen<\/em> lernte er nach und nach DJing, Soundsynthese, Webprogrammierung, das Spielen des Psalters. Aktuell besch\u00e4ftigt er sich intensiv mit Grafik- und Web-Design und digitale Fotografie.<\/p><\/div>\n\t\t\t\t<\/div>\n\t\t\t\t<\/div>\n\t\t\t\t\t\t<\/div>\n\t\t\t\t\t<\/div>\n\t\t<\/div>\n\t\t\t\t<div class=\"elementor-column elementor-col-50 elementor-inner-column elementor-element elementor-element-4a69075\" data-id=\"4a69075\" data-element_type=\"column\">\n\t\t\t<div class=\"elementor-column-wrap elementor-element-populated\">\n\t\t\t\t\t\t\t<div class=\"elementor-widget-wrap\">\n\t\t\t\t\t\t<div class=\"elementor-element elementor-element-032f6bb elementor-invisible elementor-widget elementor-widget-text-editor\" data-id=\"032f6bb\" data-element_type=\"widget\" data-settings=\"{&quot;_animation&quot;:&quot;fadeInUp&quot;,&quot;_animation_delay&quot;:300}\" data-widget_type=\"text-editor.default\">\n\t\t\t\t<div class=\"elementor-widget-container\">\n\t\t\t\t\t<div class=\"elementor-text-editor elementor-clearfix\"><p>Alessio Nocita ist seit mehr als zwanzig Jahren B\u00fchnenmusiker und Dozent. Er gab Konzerte auf die B\u00fchnen mehreren europ\u00e4ischen L\u00e4ndern, als Solist, DJ und mit Formationen, Ensembles und Bands wie <em>Nova Stravaganza<\/em>, <em>Capella Confluentes<\/em>, <em>Orchestra dell\u2019Aurora<\/em>, <em>Sinfonietta K\u00f6ln<\/em>, <em>Harmonico Respiro<\/em>, <em>Les Barbares Baroques<\/em>, <em>Emerald Edge<\/em>. Er komponierte und produzierte ein umfangreiches Opus f\u00fcr Klavier, Cembalo, Barock- und Klassik-Ensemble, Orchester, elektronische Instrumente and Crossover-Ensembles. Mehrer seiner Kompositionen sind \u00f6ffentlich aufgef\u00fchrt, aufgenommen und ver\u00f6ffentlicht worden. Er hat 2019 den eigenen Verlag<em> Cantio Humana<\/em> mit der Intention gestartet, Werke unbekannter Komponisten zu promoten.<\/p><p>Er unterrichtet klassisches und zeitgen\u00f6ssisches Klavier, Cembalo, Music Production und DJing an der <em>Musik- und Kunstschule der Stadt Duisburg<\/em> und an der <em>Robert-Schumann Hochschule D\u00fcsseldorf.<\/em><\/p><\/div>\n\t\t\t\t<\/div>\n\t\t\t\t<\/div>\n\t\t\t\t\t\t<\/div>\n\t\t\t\t\t<\/div>\n\t\t<\/div>\n\t\t\t\t\t\t\t\t<\/div>\n\t\t\t\t\t<\/div>\n\t\t<\/section>\n\t\t\t\t\t\t<\/div>\n\t\t\t\t\t<\/div>\n\t\t<\/div>\n\t\t\t\t\t\t\t\t<\/div>\n\t\t\t\t\t<\/div>\n\t\t<\/section>\n\t\t\t\t<section class=\"elementor-section elementor-top-section elementor-element elementor-element-ab6bfe7 elementor-section-stretched elementor-section-full_width elementor-section-height-default elementor-section-height-default\" data-id=\"ab6bfe7\" data-element_type=\"section\" data-settings=\"{&quot;stretch_section&quot;:&quot;section-stretched&quot;}\">\n\t\t\t\t\t\t<div class=\"elementor-container elementor-column-gap-default\">\n\t\t\t\t\t\t\t<div class=\"elementor-row\">\n\t\t\t\t\t<div class=\"elementor-column elementor-col-100 elementor-top-column elementor-element elementor-element-949780c\" data-id=\"949780c\" data-element_type=\"column\">\n\t\t\t<div class=\"elementor-column-wrap elementor-element-populated\">\n\t\t\t\t\t\t\t<div class=\"elementor-widget-wrap\">\n\t\t\t\t\t\t<div class=\"elementor-element elementor-element-e4106bc elementor-invisible elementor-widget elementor-widget-image\" data-id=\"e4106bc\" data-element_type=\"widget\" data-settings=\"{&quot;_animation&quot;:&quot;fadeIn&quot;}\" data-widget_type=\"image.default\">\n\t\t\t\t<div class=\"elementor-widget-container\">\n\t\t\t\t\t<div class=\"elementor-image\">\n\t\t\t\t\t\t\t\t\t\t<img src=\"https:\/\/www.alessio-nocita.com\/wp-content\/uploads\/2019\/02\/hero_02_piano.jpg\" title=\"hero_02_piano\" alt=\"hero_02_piano\" class=\"elementor-animation-grow\" \/>\t\t\t\t\t\t\t\t\t\t\t<\/div>\n\t\t\t\t<\/div>\n\t\t\t\t<\/div>\n\t\t\t\t\t\t<\/div>\n\t\t\t\t\t<\/div>\n\t\t<\/div>\n\t\t\t\t\t\t\t\t<\/div>\n\t\t\t\t\t<\/div>\n\t\t<\/section>\n\t\t\t\t<section class=\"elementor-section elementor-top-section elementor-element elementor-element-ba7a213 elementor-section-boxed elementor-section-height-default elementor-section-height-default\" data-id=\"ba7a213\" data-element_type=\"section\">\n\t\t\t\t\t\t<div class=\"elementor-container elementor-column-gap-default\">\n\t\t\t\t\t\t\t<div class=\"elementor-row\">\n\t\t\t\t\t<div class=\"elementor-column elementor-col-100 elementor-top-column elementor-element elementor-element-2d47762\" data-id=\"2d47762\" data-element_type=\"column\">\n\t\t\t<div class=\"elementor-column-wrap elementor-element-populated\">\n\t\t\t\t\t\t\t<div class=\"elementor-widget-wrap\">\n\t\t\t\t\t\t<div class=\"elementor-element elementor-element-d967ca3 elementor-widget-divider--view-line elementor-invisible elementor-widget elementor-widget-divider\" data-id=\"d967ca3\" data-element_type=\"widget\" data-settings=\"{&quot;_animation&quot;:&quot;fadeInUp&quot;}\" data-widget_type=\"divider.default\">\n\t\t\t\t<div class=\"elementor-widget-container\">\n\t\t\t\t\t<div class=\"elementor-divider\">\n\t\t\t<span class=\"elementor-divider-separator\">\n\t\t\t\t\t\t<\/span>\n\t\t<\/div>\n\t\t\t\t<\/div>\n\t\t\t\t<\/div>\n\t\t\t\t<div class=\"elementor-element elementor-element-211764b elementor-invisible elementor-widget elementor-widget-heading\" data-id=\"211764b\" data-element_type=\"widget\" data-settings=\"{&quot;_animation&quot;:&quot;fadeInUp&quot;}\" data-widget_type=\"heading.default\">\n\t\t\t\t<div class=\"elementor-widget-container\">\n\t\t\t<h3 class=\"elementor-heading-title elementor-size-default\">Mein motto<\/h3>\t\t<\/div>\n\t\t\t\t<\/div>\n\t\t\t\t<div class=\"elementor-element elementor-element-f17ac80 elementor-invisible elementor-widget elementor-widget-heading\" data-id=\"f17ac80\" data-element_type=\"widget\" data-settings=\"{&quot;_animation&quot;:&quot;fadeInUp&quot;}\" data-widget_type=\"heading.default\">\n\t\t\t\t<div class=\"elementor-widget-container\">\n\t\t\t<h1 class=\"elementor-heading-title elementor-size-default\">Der blick f\u00fcr das Ganze<\/h1>\t\t<\/div>\n\t\t\t\t<\/div>\n\t\t\t\t<div class=\"elementor-element elementor-element-ee07763 elementor-invisible elementor-widget elementor-widget-heading\" data-id=\"ee07763\" data-element_type=\"widget\" data-settings=\"{&quot;_animation&quot;:&quot;fadeInUp&quot;}\" data-widget_type=\"heading.default\">\n\t\t\t\t<div class=\"elementor-widget-container\">\n\t\t\t<h2 class=\"elementor-heading-title elementor-size-default\">Ich m\u00f6chte kein Spezialist sein<\/h2>\t\t<\/div>\n\t\t\t\t<\/div>\n\t\t\t\t<section class=\"elementor-section elementor-inner-section elementor-element elementor-element-d40e16a elementor-section-boxed elementor-section-height-default elementor-section-height-default\" data-id=\"d40e16a\" data-element_type=\"section\">\n\t\t\t\t\t\t<div class=\"elementor-container elementor-column-gap-default\">\n\t\t\t\t\t\t\t<div class=\"elementor-row\">\n\t\t\t\t\t<div class=\"elementor-column elementor-col-100 elementor-inner-column elementor-element elementor-element-e74ea94\" data-id=\"e74ea94\" data-element_type=\"column\">\n\t\t\t<div class=\"elementor-column-wrap elementor-element-populated\">\n\t\t\t\t\t\t\t<div class=\"elementor-widget-wrap\">\n\t\t\t\t\t\t<div class=\"elementor-element elementor-element-1e13cb9 elementor-invisible elementor-widget elementor-widget-text-editor\" data-id=\"1e13cb9\" data-element_type=\"widget\" data-settings=\"{&quot;_animation&quot;:&quot;fadeInUp&quot;}\" data-widget_type=\"text-editor.default\">\n\t\t\t\t<div class=\"elementor-widget-container\">\n\t\t\t\t\t<div class=\"elementor-text-editor elementor-clearfix\"><p>\u201eWas mich interessiert und motiviert, ist der Blick f\u00fcrs Ganze. F\u00fcr mich macht es keinen Sinn, zu sagen, ich interessiere mich f\u00fcr Klang, aber nicht f\u00fcr Bild, ich interessiert mich f\u00fcr Klassik, aber nicht f\u00fcr Pop oder elektronische Musik, ich interessiere mich f\u00fcr das Cembalo, aber nicht f\u00fcr das Klavier oder die Orgel, ich interessiere mich f\u00fcr das Performen, aber nicht f\u00fcr das Komponieren, oder anders herum. Das sind alle Aspekte der Kreativit\u00e4t, der \u00c4sthetik, des Schaffens, die man voneinander nicht trennen kann. Musik, Physik, Mathematik, Ton und Licht, Seele und Technik, Energie und Materie, das sind alle nicht voneinander isolierbare Manifestationen des wundersch\u00f6nes, einzigartiges Gebilde, was unser Universum ist.\u201c<\/p><\/div>\n\t\t\t\t<\/div>\n\t\t\t\t<\/div>\n\t\t\t\t\t\t<\/div>\n\t\t\t\t\t<\/div>\n\t\t<\/div>\n\t\t\t\t\t\t\t\t<\/div>\n\t\t\t\t\t<\/div>\n\t\t<\/section>\n\t\t\t\t<div class=\"elementor-element elementor-element-4afc44c elementor-invisible elementor-widget elementor-widget-image\" data-id=\"4afc44c\" data-element_type=\"widget\" data-settings=\"{&quot;_animation&quot;:&quot;fadeInUp&quot;}\" data-widget_type=\"image.default\">\n\t\t\t\t<div class=\"elementor-widget-container\">\n\t\t\t\t\t<div class=\"elementor-image\">\n\t\t\t\t\t\t\t\t\t\t<img width=\"220\" height=\"75\" src=\"https:\/\/www.alessio-nocita.com\/wp-content\/uploads\/2019\/01\/signature.png\" class=\"attachment-full size-full\" alt=\"\" loading=\"lazy\" \/>\t\t\t\t\t\t\t\t\t\t\t<\/div>\n\t\t\t\t<\/div>\n\t\t\t\t<\/div>\n\t\t\t\t<div class=\"elementor-element elementor-element-c24e40e elementor-align-center elementor-invisible elementor-widget elementor-widget-button\" data-id=\"c24e40e\" data-element_type=\"widget\" data-settings=\"{&quot;_animation&quot;:&quot;fadeInUp&quot;}\" data-widget_type=\"button.default\">\n\t\t\t\t<div class=\"elementor-widget-container\">\n\t\t\t\t\t<div class=\"elementor-button-wrapper\">\n\t\t\t<a href=\"http:\/\/.\/contact\/\" class=\"elementor-button-link elementor-button elementor-size-xs elementor-animation-bob\" role=\"button\">\n\t\t\t\t\t\t<span class=\"elementor-button-content-wrapper\">\n\t\t\t\t\t\t<span class=\"elementor-button-icon elementor-align-icon-right\">\n\t\t\t\t\t\t\t\t\t<i class=\"fa fa-long-arrow-right\" aria-hidden=\"true\"><\/i>\n\t\t\t\t\t\t\t<\/span>\n\t\t\t\t\t\t<span class=\"elementor-button-text\">Kontakt<\/span>\n\t\t<\/span>\n\t\t\t\t\t<\/a>\n\t\t<\/div>\n\t\t\t\t<\/div>\n\t\t\t\t<\/div>\n\t\t\t\t\t\t<\/div>\n\t\t\t\t\t<\/div>\n\t\t<\/div>\n\t\t\t\t\t\t\t\t<\/div>\n\t\t\t\t\t<\/div>\n\t\t<\/section>\n\t\t\t\t\t\t<\/div>\n\t\t\t\t\t\t<\/div>\n\t\t\t\t\t<\/div>\n\t\t","protected":false},"excerpt":{"rendered":"<p>BIO Ein Leben der Neugier, dem Wissen und der Kunst gewidmet. Meine Story Es fing alles mit Neugier an. Die [&hellip;]<\/p>\n","protected":false},"author":2,"featured_media":0,"parent":0,"menu_order":7,"comment_status":"closed","ping_status":"closed","template":"","meta":[],"_links":{"self":[{"href":"https:\/\/www.alessio-nocita.com\/index.php?rest_route=\/wp\/v2\/pages\/1767"}],"collection":[{"href":"https:\/\/www.alessio-nocita.com\/index.php?rest_route=\/wp\/v2\/pages"}],"about":[{"href":"https:\/\/www.alessio-nocita.com\/index.php?rest_route=\/wp\/v2\/types\/page"}],"author":[{"embeddable":true,"href":"https:\/\/www.alessio-nocita.com\/index.php?rest_route=\/wp\/v2\/users\/2"}],"replies":[{"embeddable":true,"href":"https:\/\/www.alessio-nocita.com\/index.php?rest_route=%2Fwp%2Fv2%2Fcomments&post=1767"}],"version-history":[{"count":18,"href":"https:\/\/www.alessio-nocita.com\/index.php?rest_route=\/wp\/v2\/pages\/1767\/revisions"}],"predecessor-version":[{"id":6206,"href":"https:\/\/www.alessio-nocita.com\/index.php?rest_route=\/wp\/v2\/pages\/1767\/revisions\/6206"}],"wp:attachment":[{"href":"https:\/\/www.alessio-nocita.com\/index.php?rest_route=%2Fwp%2Fv2%2Fmedia&parent=1767"}],"curies":[{"name":"wp","href":"https:\/\/api.w.org\/{rel}","templated":true}]}}